{"id":616,"date":"2017-01-19T23:58:06","date_gmt":"2017-01-19T22:58:06","guid":{"rendered":"http:\/\/www.cleaplatre.com\/?page_id=616"},"modified":"2022-03-29T19:28:35","modified_gmt":"2022-03-29T17:28:35","slug":"about","status":"publish","type":"page","link":"https:\/\/www.cleaplatre.com\/index.php\/about\/","title":{"rendered":"About"},"content":{"rendered":"<p>[et_pb_section admin_label=&#8221;Section&#8221; fullwidth=&#8221;off&#8221; specialty=&#8221;off&#8221;][et_pb_row admin_label=&#8221;Row&#8221; make_fullwidth=&#8221;off&#8221; use_custom_width=&#8221;off&#8221; width_unit=&#8221;on&#8221; use_custom_gutter=&#8221;off&#8221; allow_player_pause=&#8221;off&#8221; parallax=&#8221;off&#8221; parallax_method=&#8221;off&#8221; make_equal=&#8221;off&#8221; parallax_1=&#8221;off&#8221; parallax_method_1=&#8221;off&#8221; parallax_2=&#8221;off&#8221; parallax_method_2=&#8221;off&#8221; module_id=&#8221;textabout&#8221;][et_pb_column type=&#8221;1_3&#8243;][et_pb_image admin_label=&#8221;Image&#8221; src=&#8221;http:\/\/www.cleaplatre.com\/wp-content\/uploads\/2017\/01\/photo_retouche_800.jpg&#8221; show_in_lightbox=&#8221;off&#8221; url_new_window=&#8221;off&#8221; use_overlay=&#8221;off&#8221; animation=&#8221;off&#8221; sticky=&#8221;off&#8221; align=&#8221;left&#8221; force_fullwidth=&#8221;off&#8221; always_center_on_mobile=&#8221;on&#8221; use_border_color=&#8221;off&#8221; border_color=&#8221;#ffffff&#8221; border_style=&#8221;solid&#8221;] [\/et_pb_image][et_pb_text admin_label=&#8221;email&#8221; background_layout=&#8221;light&#8221; text_orientation=&#8221;left&#8221; use_border_color=&#8221;off&#8221; border_color=&#8221;#ffffff&#8221; border_style=&#8221;solid&#8221;]<\/p>\n<h3>Get in touch:<\/h3>\n<h4>cleadieudonne@gmail.com<\/h4>\n<p>&nbsp;<\/p>\n<p>[\/et_pb_text][\/et_pb_column][et_pb_column type=&#8221;2_3&#8243;][et_pb_text admin_label=&#8221;Intro&#8221; background_layout=&#8221;light&#8221; text_orientation=&#8221;left&#8221; use_border_color=&#8221;off&#8221; border_color=&#8221;#ffffff&#8221; border_style=&#8221;solid&#8221;]<\/p>\n<h2>Bonjour, I&#8217;m a french freelance illustrator with 10 years experience working with design agencies &amp; start-ups on short or long term collaborations.<\/h2>\n<p>&nbsp;<\/p>\n<h2>I create versatile illustrations adaptable to project&#8217;s evolutions online and offline. I love to explore drawing technics and styles, from paper to digital, inspired by the client\u2019s needs and aspirations. I put a lot of attention into details, to add a vibrant touch in all my compositions, and some extra cuteness when it&#8217;s relevant.<\/h2>\n<p>&nbsp;<\/p>\n<h2>I design children books that play with the possibilities of interaction between the reader and the object, partly inspired by my background in UX design.<\/h2>\n<p>[\/et_pb_text][\/et_pb_column][\/et_pb_row][et_pb_row admin_label=&#8221;Ligne&#8221;][et_pb_column type=&#8221;1_3&#8243;][et_pb_text admin_label=&#8221;biblio&#8221; background_layout=&#8221;light&#8221; text_orientation=&#8221;left&#8221; use_border_color=&#8221;off&#8221; border_color=&#8221;#ffffff&#8221; border_style=&#8221;solid&#8221; module_id=&#8221;aboutbiblio&#8221; header_font_size=&#8221;20px&#8221; header_text_color=&#8221;#f9815c&#8221; header_letter_spacing=&#8221;3px&#8221;]<\/p>\n<h1 style=\"text-align: left;\">CHILDREN BOOKS<strong><br \/>\n<\/strong><\/h1>\n<p>Concept, text &amp; illustration. Published in France, translated in 8 languages.<\/p>\n<p>&nbsp;<\/p>\n<p>La M\u00e9galopole &#8211; 2015 &#8211; L&#8217;Agrume<\/p>\n<p>10 animaux et leurs voisins &#8211; 2016 &#8211; L&#8217;Agrume<\/p>\n<p>10 v\u00e9hicules et leurs cousins &#8211; 2016 &#8211; L&#8217;Agrume<\/p>\n<p>La Pyramide des Animaux &#8211; 2017 &#8211; L&#8217;Agrume<\/p>\n<p>La Villa &#8211; 2019 &#8211; L&#8217;Agrume<\/p>\n<p>Mascarade &#8211; 2020 &#8211; L&#8217;Agrume<\/p>\n<p>5 petits doigts &#8211; 2021 &#8211; L&#8217;Agrume<\/p>\n<p>Occup\u00e9 ! &#8211; 2022 &#8211; L&#8217;Agrume<\/p>\n<p>&nbsp;<\/p>\n<p>See <a href=\"http:\/\/www.cleaplatre.com\/index.php\/books\/\">Books page<\/a> for the list of the international editions<\/p>\n<p>[\/et_pb_text][et_pb_text admin_label=&#8221;app&#8221; background_layout=&#8221;light&#8221; text_orientation=&#8221;left&#8221; use_border_color=&#8221;off&#8221; border_color=&#8221;#ffffff&#8221; border_style=&#8221;solid&#8221; module_id=&#8221;aboutapp&#8221; header_font_size=&#8221;20px&#8221; header_text_color=&#8221;#fec921&#8243; header_letter_spacing=&#8221;3px&#8221;]<\/p>\n<h1 style=\"text-align: left;\">APP-OGRAPHY<\/h1>\n<p>With a few bricks\u00a0&#8211; iPad app &#8211; FR \/ NL \/ EN<\/p>\n<p>Adaptation of the book of Vincent Godeau<\/p>\n<p>Free download on the <a href=\"https:\/\/apps.apple.com\/us\/app\/with-a-few-bricks\/id1057876475\">appstore<\/a><\/p>\n<p>[\/et_pb_text][\/et_pb_column][et_pb_column type=&#8221;1_3&#8243;][et_pb_text admin_label=&#8221;interview&#8221; background_layout=&#8221;light&#8221; text_orientation=&#8221;left&#8221; use_border_color=&#8221;off&#8221; border_color=&#8221;#ffffff&#8221; border_style=&#8221;solid&#8221; header_text_color=&#8221;#f187b7&#8243; module_id=&#8221;aboutinterview&#8221; header_font_size=&#8221;20px&#8221; header_letter_spacing=&#8221;3&#8243; header_line_height=&#8221;1&#8243;]<\/p>\n<h1 style=\"text-align: left;\">INTERVIEWS<\/h1>\n<p><a href=\"https:\/\/www.franceculture.fr\/emissions\/les-carnets-de-la-creation\/clea-dieudonne-illustratrice\">Carnet de la cr\u00e9ation<\/a> &#8211; France Culture &#8211; 2016 (Radio FR)<\/p>\n<p><a href=\"https:\/\/baronmag.com\/2016\/07\/clea-dieudonne-illustratrice-et-auteure-jeunesse\/\">Histoire de bureau<\/a> &#8211; Baron Mag &#8211; 2016 (Article FR)<\/p>\n<p><a href=\"https:\/\/lamareauxmots.com\/les-invite%c2%b7e%c2%b7s-du-mercredi-clea-dieudonne-et-annabelle-buxton\/\">La mare aux mots<\/a> &#8211; Blog on children litterature &#8211; 2018 (Article FR)<\/p>\n<p><a href=\"https:\/\/vimeo.com\/421608406\">Vision of power<\/a> &#8211; Exhibition in Koln &#8211; 2020 (Video FR + EN sub)<\/p>\n<p><a href=\"https:\/\/www.youtube.com\/watch?v=wlDBYnOuo7o\">A la rencontre des auteurs<\/a> &#8211; M\u00e9diath\u00e8que Fran\u00e7ois Villon &#8211; 2020 (Video FR)<\/p>\n<p><a href=\"https:\/\/www.terre.it\/interviste\/scrittori-illustratori\/intervista-a-clea-dieudonne-autrice-de-la-villa-delle-meraviglie\/\">Terre di mezzo <\/a>&#8211; Interview by my italian publisher &#8211; 2019 (Article IT)<\/p>\n<p><a href=\"https:\/\/www.youtube.com\/watch?v=UsEzJORonQw\">En Cuisine<\/a> &#8211; Salon du livre et de la presse jeunesse &#8211; 2021 (Video FR)<\/p>\n<p>[\/et_pb_text][et_pb_text admin_label=&#8221;lectures&#8221; background_layout=&#8221;light&#8221; text_orientation=&#8221;left&#8221; use_border_color=&#8221;off&#8221; border_color=&#8221;#ffffff&#8221; border_style=&#8221;solid&#8221; header_text_color=&#8221;#b179f2&#8243; module_id=&#8221;aboutinterview&#8221; header_font_size=&#8221;20px&#8221; header_letter_spacing=&#8221;3px&#8221;]<\/p>\n<h1 style=\"text-align: left;\">LECTURES<\/h1>\n<p>Bookfair of Saint-Priest, France &#8211; 2014<\/p>\n<p>Presentation of my digital book\/app projects<\/p>\n<p>&nbsp;<\/p>\n<p>International Bookfair of Bologna, Italy &#8211; 2016<\/p>\n<p>Theme: New forms of books &amp; images on digital medias<\/p>\n<p>&nbsp;<\/p>\n<p>Flic festival &#8211; Barcelona, Spain &#8211; 2017<\/p>\n<p>Theme: Literary creation through digital technology<\/p>\n<p>[\/et_pb_text][\/et_pb_column][et_pb_column type=&#8221;1_3&#8243;][et_pb_text admin_label=&#8221;clients&#8221; background_layout=&#8221;light&#8221; text_orientation=&#8221;left&#8221; use_border_color=&#8221;off&#8221; border_color=&#8221;#ffffff&#8221; border_style=&#8221;solid&#8221; header_text_color=&#8221;#7b9be5&#8243; module_id=&#8221;aboutclients&#8221; header_font_size=&#8221;20px&#8221; header_letter_spacing=&#8221;3px&#8221;]<\/p>\n<h1 style=\"text-align: left;\">SOME CLIENTS<\/h1>\n<p>Your Majesty &amp; Samsung SmartThings<\/p>\n<p>Resn &amp; Google<\/p>\n<p>Uzik &amp; Renault<\/p>\n<p>Fabrique &amp; Prospery by ABN Amro<\/p>\n<p>Momkai &amp; Bugaboo<\/p>\n<p>Congaz &amp; Daimler<\/p>\n<p>De correspondents<\/p>\n<p>[\/et_pb_text][et_pb_text admin_label=&#8221;Study&#8221; background_layout=&#8221;light&#8221; text_orientation=&#8221;left&#8221; use_border_color=&#8221;off&#8221; border_color=&#8221;#ffffff&#8221; border_style=&#8221;solid&#8221; module_id=&#8221;aboutstudy&#8221; header_font_size=&#8221;20px&#8221; header_text_color=&#8221;#86d0f7&#8243; header_letter_spacing=&#8221;3px&#8221;]<\/p>\n<h1 style=\"text-align: left;\">STUDIES<\/h1>\n<p>Ecole Estienne &#8211; Paris &#8211; Graphic design<\/p>\n<p>Gobelins &#8211; Paris &#8211; Graphic design, UX \/ UI design<\/p>\n<p>[\/et_pb_text][et_pb_text admin_label=&#8221;Text&#8221; background_layout=&#8221;light&#8221; text_orientation=&#8221;left&#8221; use_border_color=&#8221;off&#8221; border_color=&#8221;#ffffff&#8221; border_style=&#8221;solid&#8221; module_id=&#8221;aboutlife&#8221; header_font_size=&#8221;20px&#8221; header_text_color=&#8221;#30ac66&#8243; header_letter_spacing=&#8221;3px&#8221;]<\/p>\n<h1 style=\"text-align: left;\">LIFE<\/h1>\n<p>Born in the south of France<\/p>\n<p>Studied in Paris<\/p>\n<p>Worked in Amsterdam<\/p>\n<p>Freelance based in Berlin &amp; Athens<\/p>\n<p>[\/et_pb_text][\/et_pb_column][\/et_pb_row][\/et_pb_section]<\/p>\n","protected":false},"excerpt":{"rendered":"<p>[et_pb_section admin_label=&#8221;Section&#8221; fullwidth=&#8221;off&#8221; specialty=&#8221;off&#8221;][et_pb_row admin_label=&#8221;Row&#8221; make_fullwidth=&#8221;off&#8221; use_custom_width=&#8221;off&#8221; width_unit=&#8221;on&#8221; use_custom_gutter=&#8221;off&#8221; allow_player_pause=&#8221;off&#8221; parallax=&#8221;off&#8221; parallax_method=&#8221;off&#8221; make_equal=&#8221;off&#8221; parallax_1=&#8221;off&#8221; parallax_method_1=&#8221;off&#8221; parallax_2=&#8221;off&#8221; parallax_method_2=&#8221;off&#8221; module_id=&#8221;textabout&#8221;][et_pb_column type=&#8221;1_3&#8243;][et_pb_image admin_label=&#8221;Image&#8221; src=&#8221;http:\/\/www.cleaplatre.com\/wp-content\/uploads\/2017\/01\/photo_retouche_800.jpg&#8221; show_in_lightbox=&#8221;off&#8221; url_new_window=&#8221;off&#8221; use_overlay=&#8221;off&#8221; animation=&#8221;off&#8221; sticky=&#8221;off&#8221; align=&#8221;left&#8221; force_fullwidth=&#8221;off&#8221; always_center_on_mobile=&#8221;on&#8221; use_border_color=&#8221;off&#8221; border_color=&#8221;#ffffff&#8221; border_style=&#8221;solid&#8221;] [\/et_pb_image][et_pb_text admin_label=&#8221;email&#8221; background_layout=&#8221;light&#8221; text_orientation=&#8221;left&#8221; use_border_color=&#8221;off&#8221; border_color=&#8221;#ffffff&#8221; border_style=&#8221;solid&#8221;] Get in touch: cleadieudonne@gmail.com &nbsp; [\/et_pb_text][\/et_pb_column][et_pb_column type=&#8221;2_3&#8243;][et_pb_text admin_label=&#8221;Intro&#8221; background_layout=&#8221;light&#8221; text_orientation=&#8221;left&#8221; use_border_color=&#8221;off&#8221; border_color=&#8221;#ffffff&#8221; border_style=&#8221;solid&#8221;] Bonjour, I&#8217;m a [&hellip;]<\/p>\n","protected":false},"author":1,"featured_media":0,"parent":0,"menu_order":0,"comment_status":"closed","ping_status":"closed","template":"","meta":{"footnotes":""},"class_list":["post-616","page","type-page","status-publish","hentry"],"_links":{"self":[{"href":"https:\/\/www.cleaplatre.com\/index.php\/wp-json\/wp\/v2\/pages\/616","targetHints":{"allow":["GET"]}}],"collection":[{"href":"https:\/\/www.cleaplatre.com\/index.php\/wp-json\/wp\/v2\/pages"}],"about":[{"href":"https:\/\/www.cleaplatre.com\/index.php\/wp-json\/wp\/v2\/types\/page"}],"author":[{"embeddable":true,"href":"https:\/\/www.cleaplatre.com\/index.php\/wp-json\/wp\/v2\/users\/1"}],"replies":[{"embeddable":true,"href":"https:\/\/www.cleaplatre.com\/index.php\/wp-json\/wp\/v2\/comments?post=616"}],"version-history":[{"count":114,"href":"https:\/\/www.cleaplatre.com\/index.php\/wp-json\/wp\/v2\/pages\/616\/revisions"}],"predecessor-version":[{"id":1667,"href":"https:\/\/www.cleaplatre.com\/index.php\/wp-json\/wp\/v2\/pages\/616\/revisions\/1667"}],"wp:attachment":[{"href":"https:\/\/www.cleaplatre.com\/index.php\/wp-json\/wp\/v2\/media?parent=616"}],"curies":[{"name":"wp","href":"https:\/\/api.w.org\/{rel}","templated":true}]}}